{"id":914,"date":"2018-08-31T17:08:49","date_gmt":"2018-08-31T20:08:49","guid":{"rendered":"https:\/\/cmt-tuc.infd.edu.ar\/sitio\/ofertas-profesorados\/"},"modified":"2020-12-14T00:59:14","modified_gmt":"2020-12-14T03:59:14","slug":"ofertas-profesorados","status":"publish","type":"page","link":"https:\/\/cmt-tuc.infd.edu.ar\/sitio\/ofertas-profesorados\/","title":{"rendered":"Ofertas Profesorados"},"content":{"rendered":"<p style=\"text-align: center;\"><span style=\"text-decoration: underline;\"><span style=\"font-size: 14pt;\">Ofertas Acad\u00e9micas<\/span><\/span><\/p>\n<p style=\"text-align: center;\"><strong><span style=\"font-size: 12pt;\">Profesorados de M\u00fasica<\/span><\/strong><\/p>\n<p style=\"text-align: center;\"><span style=\"font-size: 12pt;\">(Res. n\u00b0 305\/5-307\/5-309\/5 Med)<\/span><\/p>\n<ul>\n<li style=\"text-align: center;\">\n<h3><strong><span style=\"font-size: 12pt;\">Canto<\/span><\/strong><\/h3>\n<\/li>\n<li style=\"text-align: center;\">\n<h3><strong><span style=\"font-size: 12pt;\">Instrumento<\/span><\/strong><\/h3>\n<\/li>\n<li style=\"text-align: center;\">\n<h3><strong><span style=\"font-size: 12pt;\">Educaci\u00f3n Musical<\/span><\/strong><\/h3>\n<\/li>\n<\/ul>\n<p style=\"text-align: center;\"><span style=\"font-size: 12pt;\">Oferta de formaci\u00f3n docente en m\u00fasica para todos los niveles del sistema educativo.<\/span><\/p>\n<p style=\"text-align: center;\"><strong><span style=\"font-size: 12pt;\">Requisitos<\/span><\/strong><\/p>\n<p style=\"text-align: center;\"><span style=\"font-size: 12pt;\">T\u00edtulo secundario o certificaci\u00f3n de t\u00edtulo en tr\u00e1mite.<\/span><\/p>\n<p style=\"text-align: center;\"><span style=\"font-size: 12pt;\">Conocimientos musicales previos en el instrumento\/canto y en lenguaje musical.<\/span><\/p>\n<p style=\"text-align: center;\"><span style=\"font-size: 12pt;\"><strong>Duraci\u00f3n<\/strong>\u00a0<\/span><\/p>\n<p style=\"text-align: center;\"><span style=\"font-size: 12pt;\">4 (cuatro) a\u00f1os.<\/span><\/p>\n<p style=\"text-align: center;\"><strong><span style=\"font-size: 12pt;\">Titulaciones<\/span><\/strong><\/p>\n<h2 style=\"text-align: center;\"><span style=\"font-size: 12pt;\">&#8211; Profesor de M\u00fasica: orientaci\u00f3n en instrumento.<\/span><\/h2>\n<h2 style=\"text-align: center;\"><span style=\"font-size: 12pt;\">-Profesor de M\u00fasica: orientaci\u00f3n en Educaci\u00f3n Musical.<\/span><\/h2>\n<h2 style=\"text-align: center;\"><span style=\"font-size: 12pt;\">&#8211; Profesor de M\u00fasica: orientaci\u00f3n en Canto.<\/span><\/h2>\n<p style=\"text-align: center;\">\n","protected":false},"excerpt":{"rendered":"<p>Ofertas Acad\u00e9micas Profesorados de M\u00fasica (Res. n\u00b0 305\/5-307\/5-309\/5 Med) Canto Instrumento Educaci\u00f3n Musical Oferta de formaci\u00f3n docente en m\u00fasica para todos los niveles del sistema educativo. Requisitos T\u00edtulo secundario o certificaci\u00f3n de t\u00edtulo en tr\u00e1mite. Conocimientos musicales previos en el instrumento\/canto y en lenguaje musical. Duraci\u00f3n\u00a0 4 (cuatro) a\u00f1os. Titulaciones &#8211; Profesor de M\u00fasica: orientaci\u00f3n &#8230; <a title=\"Ofertas Profesorados\" class=\"read-more\" href=\"https:\/\/cmt-tuc.infd.edu.ar\/sitio\/ofertas-profesorados\/\" aria-label=\"More on Ofertas Profesorados\">[+]<\/a><\/p>\n","protected":false},"author":213,"featured_media":0,"parent":0,"menu_order":0,"comment_status":"closed","ping_status":"closed","template":"","meta":[],"acf":[],"_links":{"self":[{"href":"https:\/\/cmt-tuc.infd.edu.ar\/sitio\/wp-json\/wp\/v2\/pages\/914"}],"collection":[{"href":"https:\/\/cmt-tuc.infd.edu.ar\/sitio\/wp-json\/wp\/v2\/pages"}],"about":[{"href":"https:\/\/cmt-tuc.infd.edu.ar\/sitio\/wp-json\/wp\/v2\/types\/page"}],"author":[{"embeddable":true,"href":"https:\/\/cmt-tuc.infd.edu.ar\/sitio\/wp-json\/wp\/v2\/users\/213"}],"replies":[{"embeddable":true,"href":"https:\/\/cmt-tuc.infd.edu.ar\/sitio\/wp-json\/wp\/v2\/comments?post=914"}],"version-history":[{"count":3,"href":"https:\/\/cmt-tuc.infd.edu.ar\/sitio\/wp-json\/wp\/v2\/pages\/914\/revisions"}],"predecessor-version":[{"id":1003,"href":"https:\/\/cmt-tuc.infd.edu.ar\/sitio\/wp-json\/wp\/v2\/pages\/914\/revisions\/1003"}],"wp:attachment":[{"href":"https:\/\/cmt-tuc.infd.edu.ar\/sitio\/wp-json\/wp\/v2\/media?parent=914"}],"curies":[{"name":"wp","href":"https:\/\/api.w.org\/{rel}","templated":true}]}}