{"id":889,"date":"2018-08-31T17:08:39","date_gmt":"2018-08-31T20:08:39","guid":{"rendered":"https:\/\/cmt-tuc.infd.edu.ar\/sitio\/autoridades\/"},"modified":"2026-02-11T01:30:16","modified_gmt":"2026-02-11T04:30:16","slug":"autoridades","status":"publish","type":"page","link":"https:\/\/cmt-tuc.infd.edu.ar\/sitio\/autoridades\/","title":{"rendered":"Autoridades"},"content":{"rendered":"<p><strong><span style=\"font-family: Arial; color: #cc6600; font-size: 12pt;\">\u00a0<\/span><\/strong><\/p>\n<table class=\"Texto_arial\" style=\"width: 528px; height: 918px;\" border=\"0\">\n<tbody>\n<tr>\n<td><\/td>\n<td><\/td>\n<\/tr>\n<tr>\n<td>\n<p style=\"text-align: center;\"><span style=\"font-size: 12pt;\">Directora<\/span><\/p>\n<p style=\"text-align: center;\"><span style=\"font-size: 12pt;\"><strong>Profesora Gabriela Canevaro<\/strong><\/span><\/p>\n<\/td>\n<td><\/td>\n<\/tr>\n<tr>\n<td><\/td>\n<td style=\"text-align: center;\"><\/td>\n<\/tr>\n<tr>\n<td>\n<p style=\"text-align: center;\"><span style=\"font-size: 12pt;\">Coordinadora Nivel Superior<\/span><\/p>\n<p style=\"text-align: center;\"><span style=\"font-size: 12pt;\"><strong>Lic. Mar\u00eda Gabriela\u00a0<span style=\"font-size: 12pt;\">Arag\u00f3n Ju\u00e1rez<\/span><\/strong><\/span><\/p>\n<\/td>\n<td style=\"text-align: center;\"><\/td>\n<\/tr>\n<tr>\n<td><span style=\"font-size: 12pt;\"><strong>\u00a0<\/strong><\/span><\/td>\n<td><\/td>\n<\/tr>\n<tr>\n<td>\n<p style=\"text-align: center;\"><span style=\"font-size: 12pt;\">Regente Turno Noche<\/span><\/p>\n<p style=\"text-align: center;\"><span style=\"font-size: 12pt;\"><strong>Profesora<\/strong>\u00a0<strong><span style=\"font-size: 12pt;\">Marcela Noem\u00ed Olivieri<\/span><\/strong><\/span><\/p>\n<\/td>\n<td style=\"text-align: center;\"><\/td>\n<\/tr>\n<tr>\n<td>\n<p style=\"text-align: center;\"><span style=\"font-size: 12pt;\">Regente Turno Tarde<\/span><\/p>\n<p style=\"text-align: center;\"><span style=\"font-size: 12pt;\"><strong>Profesora Rosana Beatriz Manrique<\/strong><\/span><\/p>\n<\/td>\n<td style=\"text-align: center;\"><\/td>\n<\/tr>\n<tr>\n<td style=\"text-align: left;\">\n<p style=\"text-align: center;\"><span style=\"font-size: 12pt;\">Secretario Nivel Superior\u00a0<\/span><\/p>\n<p style=\"text-align: center;\"><span style=\"font-size: 12pt;\"><strong>\u00a0Marcelo Laurant<\/strong><\/span><\/p>\n<p style=\"text-align: center;\"><span style=\"font-size: 12pt;\">Secretaria Modalidad Art\u00edstica\u00a0<\/span><\/p>\n<p style=\"text-align: center;\"><span style=\"font-size: 12pt;\"><strong>Mar\u00eda Gabriela Arce<\/strong><\/span><\/p>\n<p style=\"text-align: center;\"><span style=\"font-size: 12pt;\">Ayudante de C\u00e1tedra<\/span><\/p>\n<p style=\"text-align: center;\"><strong><span style=\"font-size: 12pt;\">Marcela Noem\u00ed Olivieri<\/span><\/strong><\/p>\n<p style=\"text-align: center;\"><strong><span style=\"font-size: 12pt;\">Benjam\u00edn Paulucci<\/span><\/strong><\/p>\n<p style=\"text-align: center;\"><strong><span style=\"font-size: 12pt;\">Enzo Bertelli<\/span><\/strong><\/p>\n<\/td>\n<td style=\"text-align: center;\">\n<p><span style=\"font-size: 12pt;\">\u00a0<\/span><\/td>\n<\/tr>\n<tr>\n<td><span style=\"font-size: 12pt;\">\u00a0<\/span><\/p>\n<p style=\"text-align: center;\"><span style=\"font-size: 12pt;\">Personal Administrativo<\/span><\/p>\n<p style=\"text-align: center;\"><strong><span style=\"font-size: 12pt;\">M\u00f3nica Fern\u00e1ndez<\/span><\/strong><\/p>\n<p style=\"text-align: center;\"><strong><span style=\"font-size: 12pt;\">Iv\u00e1n Prado<\/span><\/strong><\/p>\n<\/td>\n<td><span style=\"font-size: 12pt;\">\u00a0<\/span><\/td>\n<\/tr>\n<tr>\n<td><span style=\"font-size: 12pt;\">\u00a0<\/span><\/td>\n<td><span style=\"font-size: 12pt;\">\u00a0<\/span><\/td>\n<\/tr>\n<tr>\n<td><span style=\"font-size: 12pt;\">\u00a0<\/span><\/td>\n<td><span style=\"font-size: 12pt;\">\u00a0<\/span><\/td>\n<\/tr>\n<tr>\n<td><span style=\"font-size: 12pt;\">\u00a0<\/span><\/td>\n<td><span style=\"font-size: 12pt;\">\u00a0<\/span><\/td>\n<\/tr>\n<tr>\n<td><span style=\"font-size: 12pt;\">\u00a0<\/span><\/td>\n<td><span style=\"font-size: 12pt;\">\u00a0<\/span><\/td>\n<\/tr>\n<tr>\n<td><span style=\"font-size: 12pt;\">\u00a0<\/span><\/td>\n<td><span style=\"font-size: 12pt;\">\u00a0<\/span><\/td>\n<\/tr>\n<tr>\n<td><span style=\"font-size: 12pt;\">\u00a0<\/span><\/td>\n<td><span style=\"font-size: 12pt;\">\u00a0<\/span><\/td>\n<\/tr>\n<tr>\n<td><span style=\"font-size: 12pt;\">\u00a0<\/span><\/td>\n<td><span style=\"font-size: 12pt;\">\u00a0<\/span><\/td>\n<\/tr>\n<tr>\n<td><span style=\"font-size: 12pt;\">\u00a0<\/span><\/td>\n<td><span style=\"font-size: 12pt;\">\u00a0<\/span><\/td>\n<\/tr>\n<\/tbody>\n<\/table>\n","protected":false},"excerpt":{"rendered":"<p>\u00a0 Directora Profesora Gabriela Canevaro Coordinadora Nivel Superior Lic. Mar\u00eda Gabriela\u00a0Arag\u00f3n Ju\u00e1rez \u00a0 Regente Turno Noche Profesora\u00a0Marcela Noem\u00ed Olivieri Regente Turno Tarde Profesora Rosana Beatriz Manrique Secretario Nivel Superior\u00a0 \u00a0Marcelo Laurant Secretaria Modalidad Art\u00edstica\u00a0 Mar\u00eda Gabriela Arce Ayudante de C\u00e1tedra Marcela Noem\u00ed Olivieri Benjam\u00edn Paulucci Enzo Bertelli \u00a0 \u00a0 Personal Administrativo M\u00f3nica Fern\u00e1ndez Iv\u00e1n Prado &#8230; <a title=\"Autoridades\" class=\"read-more\" href=\"https:\/\/cmt-tuc.infd.edu.ar\/sitio\/autoridades\/\" aria-label=\"More on Autoridades\">[+]<\/a><\/p>\n","protected":false},"author":213,"featured_media":0,"parent":0,"menu_order":0,"comment_status":"closed","ping_status":"closed","template":"","meta":[],"acf":[],"_links":{"self":[{"href":"https:\/\/cmt-tuc.infd.edu.ar\/sitio\/wp-json\/wp\/v2\/pages\/889"}],"collection":[{"href":"https:\/\/cmt-tuc.infd.edu.ar\/sitio\/wp-json\/wp\/v2\/pages"}],"about":[{"href":"https:\/\/cmt-tuc.infd.edu.ar\/sitio\/wp-json\/wp\/v2\/types\/page"}],"author":[{"embeddable":true,"href":"https:\/\/cmt-tuc.infd.edu.ar\/sitio\/wp-json\/wp\/v2\/users\/213"}],"replies":[{"embeddable":true,"href":"https:\/\/cmt-tuc.infd.edu.ar\/sitio\/wp-json\/wp\/v2\/comments?post=889"}],"version-history":[{"count":3,"href":"https:\/\/cmt-tuc.infd.edu.ar\/sitio\/wp-json\/wp\/v2\/pages\/889\/revisions"}],"predecessor-version":[{"id":1216,"href":"https:\/\/cmt-tuc.infd.edu.ar\/sitio\/wp-json\/wp\/v2\/pages\/889\/revisions\/1216"}],"wp:attachment":[{"href":"https:\/\/cmt-tuc.infd.edu.ar\/sitio\/wp-json\/wp\/v2\/media?parent=889"}],"curies":[{"name":"wp","href":"https:\/\/api.w.org\/{rel}","templated":true}]}}