{"id":883,"date":"2018-08-31T17:08:36","date_gmt":"2018-08-31T20:08:36","guid":{"rendered":"https:\/\/cmt-tuc.infd.edu.ar\/sitio\/datos-institucionales\/"},"modified":"2020-11-19T01:03:20","modified_gmt":"2020-11-19T04:03:20","slug":"datos-institucionales","status":"publish","type":"page","link":"https:\/\/cmt-tuc.infd.edu.ar\/sitio\/datos-institucionales\/","title":{"rendered":"Datos institucionales"},"content":{"rendered":"<blockquote>\n<p style=\"text-align: center;\"><span style=\"color: #000080;\"><strong><span style=\"font-family: verdana; font-size: 14pt;\">Conservatorio Provincial de M\u00fasica de Tucum\u00e1n CUE 9000616<\/span><\/strong><\/span><\/p>\n<\/blockquote>\n<blockquote>\n<p style=\"text-align: center;\"><strong><span style=\"font-family: verdana; font-size: 12pt;\">Horarios:<\/span><\/strong><\/p>\n<p style=\"text-align: center;\"><span style=\"text-decoration: underline; font-size: 14pt; color: #000080;\"><strong><span style=\"font-family: Verdana;\">TAP<\/span><\/strong><\/span><\/p>\n<p style=\"text-align: center;\"><span style=\"font-family: Verdana; font-size: 12pt;\">Turno Ma\u00f1ana: 8:00 a 12:00<\/span><\/p>\n<p style=\"text-align: center;\"><span style=\"font-family: Verdana; font-size: 12pt;\">Turno Tarde: 14:00 a 18:00<\/span><\/p>\n<p style=\"text-align: center;\"><span style=\"font-size: 12pt;\"><span style=\"font-family: Verdana;\">Turno Noche: 18:00 a 22:00<\/span><\/span><\/p>\n<p style=\"text-align: center;\"><span style=\"text-decoration: underline; color: #000080; font-size: 14pt;\"><strong>NIVEL SUPERIOR<\/strong><\/span><\/p>\n<p style=\"text-align: center;\"><span style=\"font-size: 12pt; color: #000080;\"><span style=\"font-family: Verdana; color: #000000;\">Turno Noche: 18:30 a 22:30<\/span><\/span><\/p>\n<p style=\"text-align: center;\"><strong><span style=\"font-family: verdana; font-size: 12pt;\">Avenida Br\u00edgido Ter\u00e1n 350 &#8211; San Miguel de Tucum\u00e1n<\/span><\/strong><\/p>\n<p style=\"text-align: center;\"><strong><span style=\"font-family: verdana; font-size: 12pt;\">Tel\u00e9fono: 0381 &#8211; 4312664<\/span><\/strong><\/p>\n<p style=\"text-align: center;\"><strong><span style=\"font-family: verdana; font-size: 12pt;\">E-mail: <a href=\"mailto:conservatorioprovdemusica@gmail.com\">conservatorioprovdemusica@gmail.com<\/a><\/span><\/strong><\/p>\n<p style=\"text-align: center;\"><strong><span style=\"font-family: verdana; font-size: 12pt;\">URL: http:\/\/cmt-tuc.infd.edu.ar<\/span><\/strong><\/p>\n<\/blockquote>\n","protected":false},"excerpt":{"rendered":"<p>Conservatorio Provincial de M\u00fasica de Tucum\u00e1n CUE 9000616 Horarios: TAP Turno Ma\u00f1ana: 8:00 a 12:00 Turno Tarde: 14:00 a 18:00 Turno Noche: 18:00 a 22:00 NIVEL SUPERIOR Turno Noche: 18:30 a 22:30 Avenida Br\u00edgido Ter\u00e1n 350 &#8211; San Miguel de Tucum\u00e1n Tel\u00e9fono: 0381 &#8211; 4312664 E-mail: conservatorioprovdemusica@gmail.com URL: http:\/\/cmt-tuc.infd.edu.ar<\/p>\n","protected":false},"author":213,"featured_media":0,"parent":0,"menu_order":0,"comment_status":"closed","ping_status":"closed","template":"","meta":[],"acf":[],"_links":{"self":[{"href":"https:\/\/cmt-tuc.infd.edu.ar\/sitio\/wp-json\/wp\/v2\/pages\/883"}],"collection":[{"href":"https:\/\/cmt-tuc.infd.edu.ar\/sitio\/wp-json\/wp\/v2\/pages"}],"about":[{"href":"https:\/\/cmt-tuc.infd.edu.ar\/sitio\/wp-json\/wp\/v2\/types\/page"}],"author":[{"embeddable":true,"href":"https:\/\/cmt-tuc.infd.edu.ar\/sitio\/wp-json\/wp\/v2\/users\/213"}],"replies":[{"embeddable":true,"href":"https:\/\/cmt-tuc.infd.edu.ar\/sitio\/wp-json\/wp\/v2\/comments?post=883"}],"version-history":[{"count":3,"href":"https:\/\/cmt-tuc.infd.edu.ar\/sitio\/wp-json\/wp\/v2\/pages\/883\/revisions"}],"predecessor-version":[{"id":991,"href":"https:\/\/cmt-tuc.infd.edu.ar\/sitio\/wp-json\/wp\/v2\/pages\/883\/revisions\/991"}],"wp:attachment":[{"href":"https:\/\/cmt-tuc.infd.edu.ar\/sitio\/wp-json\/wp\/v2\/media?parent=883"}],"curies":[{"name":"wp","href":"https:\/\/api.w.org\/{rel}","templated":true}]}}